{"id":118,"date":"2025-05-05T17:38:42","date_gmt":"2025-05-05T17:38:42","guid":{"rendered":"https:\/\/safeimpianti.it\/?page_id=118"},"modified":"2025-05-07T08:06:35","modified_gmt":"2025-05-07T08:06:35","slug":"assistenza-condizionatori","status":"publish","type":"page","link":"https:\/\/safeimpianti.it\/index.php\/assistenza-condizionatori\/","title":{"rendered":"Assistenza Condizionatori"},"content":{"rendered":"<p>[et_pb_section fb_built=&#8221;1&#8243; admin_label=&#8221;Header&#8221; _builder_version=&#8221;4.20.0&#8243; _module_preset=&#8221;default&#8221; collapsed=&#8221;on&#8221; global_colors_info=&#8221;{}&#8221;][et_pb_row _builder_version=&#8221;4.27.4&#8243; _module_preset=&#8221;default&#8221; locked=&#8221;off&#8221; global_colors_info=&#8221;{}&#8221;][et_pb_column type=&#8221;4_4&#8243; _builder_version=&#8221;4.24.0&#8243; _module_preset=&#8221;default&#8221; global_colors_info=&#8221;{}&#8221;][et_pb_text _builder_version=&#8221;4.27.4&#8243; _module_preset=&#8221;d5be38aa-d8d7-411f-8239-027944c4f814&#8243; header_4_text_color=&#8221;gcid-9bb9bfe2-980a-472b-9544-d767cdb4022e&#8221; locked=&#8221;off&#8221; global_colors_info=&#8221;{%22gcid-9bb9bfe2-980a-472b-9544-d767cdb4022e%22:%91%22header_4_text_color%22%93}&#8221;]<\/p>\n<h4>Assistenza Condizionatori<\/h4>\n<p>[\/et_pb_text][et_pb_text _builder_version=&#8221;4.27.4&#8243; _module_preset=&#8221;f50a9087-9a13-4fa9-b7a6-6310a7103789&#8243; locked=&#8221;off&#8221; global_colors_info=&#8221;{}&#8221;]<\/p>\n<h1><span style=\"font-weight: 400;\">Condizionatore Guasto? Scegli Safe Impianti per l\u2019Assistenza ai tuoi Climatizzatori<\/span><\/h1>\n<p>[\/et_pb_text][et_pb_text _builder_version=&#8221;4.27.4&#8243; _module_preset=&#8221;8bd4f97e-f037-4764-bbaf-6390b26cdf31&#8243; locked=&#8221;off&#8221; global_colors_info=&#8221;{}&#8221;]<\/p>\n<p><span style=\"font-weight: 400;\">Safe Impianti garantisce pronto intervento entro 24 ore su tutta Napoli e provincia per la riparazione del tuo climatizzatore. Non perdere tempo con tentativi inutili: affidati ai nostri tecnici specializzati e risolvi il problema oggi stesso.<\/span><\/p>\n<p><span style=\"font-weight: 400;\">\ud83d\udcde <\/span><b>Chiama ora: <a href=\"tel:+393469686589\">3469686589<\/a><\/b><\/p>\n<p>[\/et_pb_text][\/et_pb_column][\/et_pb_row][\/et_pb_section][et_pb_section fb_built=&#8221;1&#8243; admin_label=&#8221;Call to Action&#8221; _builder_version=&#8221;4.27.4&#8243; _module_preset=&#8221;default&#8221; background_color=&#8221;gcid-36a744c3-3bc0-47a4-9493-942b5d904b59&#8243; locked=&#8221;off&#8221; collapsed=&#8221;on&#8221; global_colors_info=&#8221;{%22gcid-36a744c3-3bc0-47a4-9493-942b5d904b59%22:%91%22background_color%22%93}&#8221;][et_pb_row column_structure=&#8221;1_2,1_2&#8243; _builder_version=&#8221;4.24.0&#8243; _module_preset=&#8221;default&#8221; global_colors_info=&#8221;{}&#8221;][et_pb_column type=&#8221;1_2&#8243; _builder_version=&#8221;4.20.0&#8243; _module_preset=&#8221;default&#8221; global_colors_info=&#8221;{}&#8221;][et_pb_image src=&#8221;https:\/\/safeimpianti.it\/wp-content\/uploads\/2025\/05\/installazione-nuovo-condizionatore.jpg&#8221; title_text=&#8221;installazione-nuovo-condizionatore&#8221; _builder_version=&#8221;4.27.4&#8243; _module_preset=&#8221;default&#8221; global_colors_info=&#8221;{}&#8221;][\/et_pb_image][\/et_pb_column][et_pb_column type=&#8221;1_2&#8243; _builder_version=&#8221;4.20.0&#8243; _module_preset=&#8221;default&#8221; global_colors_info=&#8221;{}&#8221;][et_pb_text _builder_version=&#8221;4.27.4&#8243; _module_preset=&#8221;716c8352-33ff-4fa7-9a6f-f1845f22ee02&#8243; header_2_text_color=&#8221;#FFFFFF&#8221; custom_margin=&#8221;||10px||false|false&#8221; global_colors_info=&#8221;{}&#8221;]<\/p>\n<h2><span style=\"font-weight: 400;\">I principali errori che causano il guasto del condizionatore<\/span><\/h2>\n<p>[\/et_pb_text][et_pb_text _builder_version=&#8221;4.27.4&#8243; _module_preset=&#8221;8bd4f97e-f037-4764-bbaf-6390b26cdf31&#8243; text_text_color=&#8221;#FFFFFF&#8221; global_colors_info=&#8221;{}&#8221;]<\/p>\n<p><span style=\"font-weight: 400;\">Quando il climatizzatore smette di funzionare, spesso \u00e8 colpa di una cattiva manutenzione o del ritardo nell\u2019intervento. Ecco gli errori pi\u00f9 comuni da evitare:<\/span><\/p>\n<ul>\n<li style=\"font-weight: 400;\" aria-level=\"1\"><span style=\"font-weight: 400;\">Ignorare piccoli segnali come rumori strani o perdite d\u2019acqua<\/span><\/li>\n<li style=\"font-weight: 400;\" aria-level=\"1\"><span style=\"font-weight: 400;\">Non effettuare la manutenzione stagionale, indispensabile prima dell\u2019estate<\/span><\/li>\n<li style=\"font-weight: 400;\" aria-level=\"1\"><span style=\"font-weight: 400;\">Lasciare i filtri sporchi, favorendo la proliferazione di muffe e batteri dannosi per la salute<\/span><\/li>\n<li style=\"font-weight: 400;\" aria-level=\"1\"><span style=\"font-weight: 400;\">Rimandare l\u2019assistenza anche quando il climatizzatore non raffredda pi\u00f9 come prima<\/span><\/li>\n<\/ul>\n<p><span style=\"font-weight: 400;\">Un condizionatore trascurato non solo pu\u00f2 smettere di funzionare nei momenti peggiori, ma pu\u00f2 trasformare casa o ufficio in ambienti invivibili, soprattutto nei periodi pi\u00f9 caldi dell\u2019anno, e rappresentare un grave rischio per la tua salute e per chi vive insieme a te.\u00a0<\/span><\/p>\n<p>[\/et_pb_text][et_pb_button button_url=&#8221;tel:3469686589&#8243; button_text=&#8221;Chiamaci Ora per Ricevere Assistenza&#8221; _builder_version=&#8221;4.27.4&#8243; _module_preset=&#8221;bd443a79-81f5-402c-aaa7-b4c8da013799&#8243; global_colors_info=&#8221;{}&#8221;][\/et_pb_button][\/et_pb_column][\/et_pb_row][\/et_pb_section][et_pb_section fb_built=&#8221;1&#8243; admin_label=&#8221;Features&#8221; _builder_version=&#8221;4.24.0&#8243; _module_preset=&#8221;default&#8221; overflow-x=&#8221;hidden&#8221; overflow-y=&#8221;hidden&#8221; collapsed=&#8221;on&#8221; global_colors_info=&#8221;{}&#8221;][et_pb_row _builder_version=&#8221;4.27.4&#8243; _module_preset=&#8221;default&#8221; locked=&#8221;off&#8221; global_colors_info=&#8221;{}&#8221;][et_pb_column type=&#8221;4_4&#8243; _builder_version=&#8221;4.24.0&#8243; _module_preset=&#8221;default&#8221; global_colors_info=&#8221;{}&#8221;][et_pb_text _builder_version=&#8221;4.27.4&#8243; _module_preset=&#8221;f50a9087-9a13-4fa9-b7a6-6310a7103789&#8243; locked=&#8221;off&#8221; global_colors_info=&#8221;{}&#8221;]<\/p>\n<h2><span style=\"font-weight: 400;\">Perch\u00e9 scegliere un tecnico esperto per l\u2019assistenza del tuo condizionatore?<\/span><\/h2>\n<p>[\/et_pb_text][et_pb_text _builder_version=&#8221;4.27.4&#8243; _module_preset=&#8221;8bd4f97e-f037-4764-bbaf-6390b26cdf31&#8243; locked=&#8221;off&#8221; global_colors_info=&#8221;{}&#8221;]<\/p>\n<p><span style=\"font-weight: 400;\">Quando si parla di climatizzatori, l\u2019esperienza fa la differenza. Safe Impianti interviene con rapidit\u00e0 e precisione grazie a una competenza maturata in oltre 10 anni di interventi sul campo.<\/span><\/p>\n<ol>\n<li style=\"font-weight: 400;\" aria-level=\"1\"><span style=\"font-weight: 400;\">Tecnici esperti su tutti i principali marchi: Daikin, Mitsubishi, Samsung, LG, Hisense, Ferroli, Fujitsu, Panasonic e molti altri<\/span><\/li>\n<li style=\"font-weight: 400;\" aria-level=\"1\"><span style=\"font-weight: 400;\">Diagnosi immediata e risoluzione del guasto in tempi record<\/span><\/li>\n<li style=\"font-weight: 400;\" aria-level=\"1\"><span style=\"font-weight: 400;\">Trasparenza, garanzia e sicurezza su ogni intervento, su tempi e costi<\/span><\/li>\n<\/ol>\n<p><span style=\"font-weight: 400;\">Che si tratti di un monosplit o dual split, blocchi, errori elettronici, perdite o ricarica del gas, noi sappiamo dove mettere le mani \u2014 senza perdere tempo e senza farti spendere pi\u00f9 del necessario.<\/span><\/p>\n<p>[\/et_pb_text][\/et_pb_column][\/et_pb_row][\/et_pb_section][et_pb_section fb_built=&#8221;1&#8243; admin_label=&#8221;Call to Action&#8221; _builder_version=&#8221;4.27.4&#8243; _module_preset=&#8221;default&#8221; background_color=&#8221;#255bb8&#8243; saved_tabs=&#8221;all&#8221; collapsed=&#8221;on&#8221; global_colors_info=&#8221;{}&#8221;][et_pb_row column_structure=&#8221;1_2,1_2&#8243; _builder_version=&#8221;4.27.4&#8243; _module_preset=&#8221;default&#8221; global_colors_info=&#8221;{}&#8221;][et_pb_column type=&#8221;1_2&#8243; _builder_version=&#8221;4.24.0&#8243; _module_preset=&#8221;default&#8221; global_colors_info=&#8221;{}&#8221;][et_pb_text _builder_version=&#8221;4.27.4&#8243; _module_preset=&#8221;716c8352-33ff-4fa7-9a6f-f1845f22ee02&#8243; text_text_color=&#8221;#FFFFFF&#8221; header_text_color=&#8221;#FFFFFF&#8221; header_2_text_color=&#8221;#FFFFFF&#8221; custom_margin=&#8221;||10px||false|false&#8221; global_colors_info=&#8221;{}&#8221;]<\/p>\n<h2><span style=\"font-weight: 400;\">Il nostro servizio di assistenza condizionatori: veloce, risolutivo e garantito<\/span><\/h2>\n<p>&nbsp;<\/p>\n<p>[\/et_pb_text][et_pb_text _builder_version=&#8221;4.27.4&#8243; _module_preset=&#8221;default&#8221; text_text_color=&#8221;#FFFFFF&#8221; text_font_size=&#8221;15px&#8221; header_3_text_color=&#8221;#FFFFFF&#8221; width=&#8221;100%&#8221; module_alignment=&#8221;left&#8221; custom_margin=&#8221;0px||||false|false&#8221; custom_css_free_form=&#8221;.paragrafo-con-linea p {||  display: inline-block;||  border-bottom: 4px solid #2f5cb4; \/* colore e spessore della linea *\/||  padding-bottom: 5px; \/* distanza tra testo e linea *\/||}&#8221; border_color_all=&#8221;#FFFFFF&#8221; global_colors_info=&#8221;{}&#8221;]<\/p>\n<p><span style=\"font-weight: 400;\">Il nostro obiettivo \u00e8 uno solo: rimettere in funzione il tuo climatizzatore nel minor tempo possibile, garantendo il massimo comfort e la sicurezza dell\u2019impianto. Interveniamo tempestivamente su ogni tipo di guasto, anche improvviso, grazie a un\u2019esperienza consolidata e a una conoscenza approfondita dei principali marchi in commercio.<\/span><\/p>\n<p><span style=\"font-weight: 400;\">Effettuiamo ricariche di gas refrigerante quando necessario, ottimizzando i consumi per migliorare l\u2019efficienza dell\u2019impianto. Se durante il controllo rileviamo la presenza di sporco o batteri, proponiamo la pulizia dei filtri e la sanificazione interna, operazioni fondamentali per assicurare aria salubre in casa. Inoltre, offriamo servizi completi di manutenzione ordinaria e straordinaria, cos\u00ec da prevenire blocchi e malfunzionamenti futuri.<\/span><\/p>\n<p><span style=\"font-weight: 400;\">Siamo operativi dal luned\u00ec al venerd\u00ec, dalle 8:00 alle 20:00, con la massima disponibilit\u00e0 e rapidit\u00e0, soprattutto durante i mesi estivi, quando il condizionatore diventa indispensabile e i guasti non possono attendere.<\/span><\/p>\n<p>[\/et_pb_text][\/et_pb_column][et_pb_column type=&#8221;1_2&#8243; _builder_version=&#8221;4.24.0&#8243; _module_preset=&#8221;default&#8221; global_colors_info=&#8221;{}&#8221;][et_pb_image src=&#8221;https:\/\/safeimpianti.it\/wp-content\/uploads\/2025\/05\/immagine-tecnico-condizionatori-2-1.jpg&#8221; title_text=&#8221;immagine-tecnico-condizionatori-2&#8243; _builder_version=&#8221;4.27.4&#8243; _module_preset=&#8221;default&#8221; custom_margin=&#8221;|-20vw|||false|false&#8221; global_colors_info=&#8221;{}&#8221;][\/et_pb_image][\/et_pb_column][\/et_pb_row][\/et_pb_section][et_pb_section fb_built=&#8221;1&#8243; admin_label=&#8221;Features&#8221; _builder_version=&#8221;4.24.0&#8243; _module_preset=&#8221;default&#8221; overflow-x=&#8221;hidden&#8221; overflow-y=&#8221;hidden&#8221; collapsed=&#8221;on&#8221; global_colors_info=&#8221;{}&#8221;][et_pb_row _builder_version=&#8221;4.27.4&#8243; _module_preset=&#8221;default&#8221; locked=&#8221;off&#8221; global_colors_info=&#8221;{}&#8221;][et_pb_column type=&#8221;4_4&#8243; _builder_version=&#8221;4.24.0&#8243; _module_preset=&#8221;default&#8221; global_colors_info=&#8221;{}&#8221;][et_pb_text _builder_version=&#8221;4.27.4&#8243; _module_preset=&#8221;f50a9087-9a13-4fa9-b7a6-6310a7103789&#8243; locked=&#8221;off&#8221; global_colors_info=&#8221;{}&#8221;]<\/p>\n<h2><span style=\"font-weight: 400;\">Certificazioni, Garanzie e Professionalit\u00e0<\/span><\/h2>\n<p><span style=\"font-weight: 400;\">Con Safe Impianti non solo hai la certezza di un lavoro eseguito a regola d\u2019arte, ma ricevi anche una garanzia di 12 mesi su ogni intervento, sia ordinario che straordinario.<\/span><\/p>\n<p><span style=\"font-weight: 400;\">\u2705 Tecnici certificati secondo le normative vigenti<\/span><span style=\"font-weight: 400;\"><br \/><\/span><span style=\"font-weight: 400;\">\u2705 Report dettagliato a fine intervento<\/span><span style=\"font-weight: 400;\"><br \/><\/span><span style=\"font-weight: 400;\">\u2705 Tranquillit\u00e0 e trasparenza totale<\/span><\/p>\n<p>[\/et_pb_text][\/et_pb_column][\/et_pb_row][\/et_pb_section][et_pb_section fb_built=&#8221;1&#8243; admin_label=&#8221;Call to Action&#8221; _builder_version=&#8221;4.27.4&#8243; _module_preset=&#8221;default&#8221; background_color=&#8221;#255bb8&#8243; custom_padding=&#8221;54px|||||&#8221; saved_tabs=&#8221;all&#8221; collapsed=&#8221;on&#8221; global_colors_info=&#8221;{}&#8221;][et_pb_row _builder_version=&#8221;4.27.4&#8243; _module_preset=&#8221;default&#8221; global_colors_info=&#8221;{}&#8221;][et_pb_column type=&#8221;4_4&#8243; _builder_version=&#8221;4.27.4&#8243; _module_preset=&#8221;default&#8221; global_colors_info=&#8221;{}&#8221;][et_pb_text _builder_version=&#8221;4.27.4&#8243; _module_preset=&#8221;default&#8221; header_2_text_color=&#8221;#FFFFFF&#8221; global_colors_info=&#8221;{}&#8221;]<\/p>\n<h2 style=\"text-align: center;\"><b>FAQ \u2013 Domande Frequenti<\/b><\/h2>\n<p>[\/et_pb_text][\/et_pb_column][\/et_pb_row][et_pb_row _builder_version=&#8221;4.27.4&#8243; _module_preset=&#8221;default&#8221; global_colors_info=&#8221;{}&#8221;][et_pb_column type=&#8221;4_4&#8243; _builder_version=&#8221;4.27.4&#8243; _module_preset=&#8221;default&#8221; global_colors_info=&#8221;{}&#8221;][et_pb_accordion icon_color=&#8221;#255bb8&#8243; use_icon_font_size=&#8221;on&#8221; _builder_version=&#8221;4.27.4&#8243; _module_preset=&#8221;default&#8221; global_colors_info=&#8221;{}&#8221;][et_pb_accordion_item title=&#8221;Il servizio di assistenza include anche la sanificazione o la pulizia dei filtri?&#8221; open=&#8221;on&#8221; open_toggle_text_color=&#8221;#255bb8&#8243; _builder_version=&#8221;4.27.4&#8243; _module_preset=&#8221;default&#8221; body_font_size=&#8221;15px&#8221; global_colors_info=&#8221;{}&#8221; toggle_text_color=&#8221;#255bb8&#8243; toggle_font_size=&#8221;20px&#8221;]<\/p>\n<p><span style=\"font-weight: 400;\">S\u00ec, solo se richiesta o se durante l\u2019intervento rileviamo la necessit\u00e0 di effettuarla per garantire il corretto funzionamento dell\u2019impianto.<\/span><\/p>\n<p>[\/et_pb_accordion_item][et_pb_accordion_item title=&#8221;Il pronto intervento 24h \u00e8 attivo anche di notte?&#8221; open_toggle_text_color=&#8221;#255bb8&#8243; _builder_version=&#8221;4.27.4&#8243; _module_preset=&#8221;default&#8221; body_font_size=&#8221;15px&#8221; global_colors_info=&#8221;{}&#8221; toggle_text_color=&#8221;#255bb8&#8243; toggle_font_size=&#8221;20px&#8221;]<\/p>\n<p><span style=\"font-weight: 400;\">No, il servizio \u00e8 attivo dal luned\u00ec al venerd\u00ec, dalle 8:00 alle 20:00. Tuttavia, interveniamo sempre con massima rapidit\u00e0 entro 24 ore dalla chiamata.<\/span><\/p>\n<p>[\/et_pb_accordion_item][et_pb_accordion_item title=&#8221;Fornite assistenza anche per climatizzatori canalizzati?&#8221; open_toggle_text_color=&#8221;#255bb8&#8243; _builder_version=&#8221;4.27.4&#8243; _module_preset=&#8221;default&#8221; body_font_size=&#8221;15px&#8221; global_colors_info=&#8221;{}&#8221; toggle_text_color=&#8221;#255bb8&#8243; toggle_font_size=&#8221;20px&#8221;]<\/p>\n<p><span style=\"font-weight: 400;\">Attualmente ci occupiamo di impianti monosplit e dual split. Non effettuiamo assistenza su impianti canalizzati.<\/span><\/p>\n<p>[\/et_pb_accordion_item][\/et_pb_accordion][et_pb_text _builder_version=&#8221;4.27.4&#8243; _module_preset=&#8221;default&#8221; text_text_color=&#8221;#FFFFFF&#8221; header_text_color=&#8221;#FFFFFF&#8221; header_2_text_color=&#8221;#FFFFFF&#8221; global_colors_info=&#8221;{}&#8221;]<\/p>\n<h2><span style=\"font-weight: 400;\">3 Ottimi Motivi per Scegliere Safe Impianti<\/span><\/h2>\n<ol>\n<li style=\"font-weight: 400;\" aria-level=\"1\"><span style=\"font-weight: 400;\">Velocit\u00e0 d\u2019intervento \u2013 Interveniamo entro 24 ore, senza lunghe attese<\/span><\/li>\n<li style=\"font-weight: 400;\" aria-level=\"1\"><span style=\"font-weight: 400;\">Esperienza decennale \u2013 Sappiamo come risolvere ogni problema<\/span><\/li>\n<li style=\"font-weight: 400;\" aria-level=\"1\"><span style=\"font-weight: 400;\">Certificazioni e garanzie reali \u2013 Tutto a norma, tutto garantito<\/span><\/li>\n<\/ol>\n<p><span style=\"font-weight: 400;\">\ud83d\udcde <\/span><b>Chiama subito <a href=\"tel:+393469686589\">3469686589<\/a><\/b><span style=\"font-weight: 400;\">\u00a0\u2013 Interveniamo in tutta <\/span><b>Napoli e provincia<\/b><span style=\"font-weight: 400;\">!<\/span><\/p>\n<p>[\/et_pb_text][\/et_pb_column][\/et_pb_row][\/et_pb_section]<\/p>\n","protected":false},"excerpt":{"rendered":"<p>Assistenza CondizionatoriCondizionatore Guasto? Scegli Safe Impianti per l\u2019Assistenza ai tuoi ClimatizzatoriSafe Impianti garantisce pronto intervento entro 24 ore su tutta Napoli e provincia per la riparazione del tuo climatizzatore. Non perdere tempo con tentativi inutili: affidati ai nostri tecnici specializzati e risolvi il problema oggi stesso. \ud83d\udcde Chiama ora: 3469686589I principali errori che causano il [&hellip;]<\/p>\n","protected":false},"author":1,"featured_media":0,"parent":0,"menu_order":0,"comment_status":"closed","ping_status":"closed","template":"","meta":{"_et_pb_use_builder":"on","_et_pb_old_content":"","_et_gb_content_width":"","footnotes":""},"class_list":["post-118","page","type-page","status-publish","hentry"],"_links":{"self":[{"href":"https:\/\/safeimpianti.it\/index.php\/wp-json\/wp\/v2\/pages\/118","targetHints":{"allow":["GET"]}}],"collection":[{"href":"https:\/\/safeimpianti.it\/index.php\/wp-json\/wp\/v2\/pages"}],"about":[{"href":"https:\/\/safeimpianti.it\/index.php\/wp-json\/wp\/v2\/types\/page"}],"author":[{"embeddable":true,"href":"https:\/\/safeimpianti.it\/index.php\/wp-json\/wp\/v2\/users\/1"}],"replies":[{"embeddable":true,"href":"https:\/\/safeimpianti.it\/index.php\/wp-json\/wp\/v2\/comments?post=118"}],"version-history":[{"count":6,"href":"https:\/\/safeimpianti.it\/index.php\/wp-json\/wp\/v2\/pages\/118\/revisions"}],"predecessor-version":[{"id":148,"href":"https:\/\/safeimpianti.it\/index.php\/wp-json\/wp\/v2\/pages\/118\/revisions\/148"}],"wp:attachment":[{"href":"https:\/\/safeimpianti.it\/index.php\/wp-json\/wp\/v2\/media?parent=118"}],"curies":[{"name":"wp","href":"https:\/\/api.w.org\/{rel}","templated":true}]}}